{"id":309,"date":"2025-05-21T18:51:37","date_gmt":"2025-05-21T16:51:37","guid":{"rendered":"https:\/\/www.conzeptas.eu\/?page_id=309"},"modified":"2025-08-01T11:58:30","modified_gmt":"2025-08-01T09:58:30","slug":"services","status":"publish","type":"page","link":"https:\/\/www.conzeptas.eu\/en\/services\/","title":{"rendered":"Services"},"content":{"rendered":"<div data-elementor-type=\"wp-page\" data-elementor-id=\"309\" class=\"elementor elementor-309\" data-elementor-post-type=\"page\">\n\t\t\t\t<div class=\"elementor-element elementor-element-59ef8da3 e-flex e-con-boxed e-con e-parent\" data-id=\"59ef8da3\" data-element_type=\"container\" data-e-type=\"container\" data-settings=\"{&quot;background_background&quot;:&quot;classic&quot;,&quot;shape_divider_bottom&quot;:&quot;arrow&quot;,&quot;shape_divider_bottom_negative&quot;:&quot;yes&quot;}\">\n\t\t\t\t\t<div class=\"e-con-inner\">\n\t\t\t\t<div class=\"elementor-shape elementor-shape-bottom\" aria-hidden=\"true\" data-negative=\"true\">\n\t\t\t<svg xmlns=\"http:\/\/www.w3.org\/2000\/svg\" viewbox=\"0 0 700 10\" preserveaspectratio=\"none\">\n\t<path class=\"elementor-shape-fill\" d=\"M360 0L350 9.9 340 0 0 0 0 10 700 10 700 0\"\/>\n<\/svg>\t\t<\/div>\n\t\t<div class=\"elementor-element elementor-element-6fbc2a28 e-flex e-con-boxed e-con e-child\" data-id=\"6fbc2a28\" data-element_type=\"container\" data-e-type=\"container\">\n\t\t\t\t\t<div class=\"e-con-inner\">\n\t\t\t\t<div class=\"elementor-element elementor-element-2cd20ca8 elementor-widget__width-initial animated-fast elementor-invisible elementor-widget elementor-widget-spacer\" data-id=\"2cd20ca8\" data-element_type=\"widget\" data-e-type=\"widget\" data-settings=\"{&quot;_animation&quot;:&quot;slideInLeft&quot;,&quot;_animation_delay&quot;:500}\" data-widget_type=\"spacer.default\">\n\t\t\t\t<div class=\"elementor-widget-container\">\n\t\t\t\t\t\t\t<div class=\"elementor-spacer\">\n\t\t\t<div class=\"elementor-spacer-inner\"><\/div>\n\t\t<\/div>\n\t\t\t\t\t\t<\/div>\n\t\t\t\t<\/div>\n\t\t\t\t<div class=\"elementor-element elementor-element-1ac98037 elementor-widget__width-initial elementor-widget-tablet__width-initial elementor-widget-mobile__width-inherit elementor-invisible elementor-widget elementor-widget-heading\" data-id=\"1ac98037\" data-element_type=\"widget\" data-e-type=\"widget\" data-settings=\"{&quot;_animation&quot;:&quot;fadeIn&quot;,&quot;_animation_delay&quot;:600}\" data-widget_type=\"heading.default\">\n\t\t\t\t<div class=\"elementor-widget-container\">\n\t\t\t\t\t<h2 class=\"elementor-heading-title elementor-size-default\">Our service for <br> Best results\n<\/h2>\t\t\t\t<\/div>\n\t\t\t\t<\/div>\n\t\t\t\t<div class=\"elementor-element elementor-element-6425af7b elementor-widget__width-initial elementor-widget-mobile__width-inherit elementor-widget-tablet__width-initial elementor-invisible elementor-widget elementor-widget-text-editor\" data-id=\"6425af7b\" data-element_type=\"widget\" data-e-type=\"widget\" data-settings=\"{&quot;_animation&quot;:&quot;fadeIn&quot;,&quot;_animation_delay&quot;:500}\" data-widget_type=\"text-editor.default\">\n\t\t\t\t<div class=\"elementor-widget-container\">\n\t\t\t\t\t\t\t\t\t<p>We support you with concepts tailored to your risk situation.<\/p>\t\t\t\t\t\t\t\t<\/div>\n\t\t\t\t<\/div>\n\t\t\t\t<div class=\"elementor-element elementor-element-6962e29 elementor-widget__width-initial elementor-widget-mobile__width-inherit elementor-widget-tablet__width-initial elementor-invisible elementor-widget elementor-widget-text-editor\" data-id=\"6962e29\" data-element_type=\"widget\" data-e-type=\"widget\" data-settings=\"{&quot;_animation&quot;:&quot;fadeIn&quot;,&quot;_animation_delay&quot;:500}\" data-widget_type=\"text-editor.default\">\n\t\t\t\t<div class=\"elementor-widget-container\">\n\t\t\t\t\t\t\t\t\t<p>As your competent and independent representative, we design your insurance contracts objectively and fully exploit optimization potential. At your request, we will work with you to develop a risk, assessment and action plan that will facilitate your risk-related corporate planning and management. Comprehensive advice and competent service are the cornerstones of our trade.<\/p>\t\t\t\t\t\t\t\t<\/div>\n\t\t\t\t<\/div>\n\t\t\t\t\t<\/div>\n\t\t\t\t<\/div>\n\t\t\t\t\t<\/div>\n\t\t\t\t<\/div>\n\t\t<div class=\"elementor-element elementor-element-ba61d64 e-flex e-con-boxed e-con e-parent\" data-id=\"ba61d64\" data-element_type=\"container\" data-e-type=\"container\">\n\t\t\t\t\t<div class=\"e-con-inner\">\n\t\t\t\t<div class=\"elementor-element elementor-element-d86f7b2 elementor-widget elementor-widget-heading\" data-id=\"d86f7b2\" data-element_type=\"widget\" data-e-type=\"widget\" data-widget_type=\"heading.default\">\n\t\t\t\t<div class=\"elementor-widget-container\">\n\t\t\t\t\t<h2 class=\"elementor-heading-title elementor-size-default\">Risk management<\/h2>\t\t\t\t<\/div>\n\t\t\t\t<\/div>\n\t\t\t\t<div class=\"elementor-element elementor-element-79be1ea elementor-widget elementor-widget-text-editor\" data-id=\"79be1ea\" data-element_type=\"widget\" data-e-type=\"widget\" data-widget_type=\"text-editor.default\">\n\t\t\t\t<div class=\"elementor-widget-container\">\n\t\t\t\t\t\t\t\t\t<div class=\"elementor-element elementor-element-e26de58 ob-harakiri-inherit ob-has-background-overlay elementor-widget elementor-widget-text-editor ob-harakiri\" data-id=\"e26de58\" data-element_type=\"widget\" data-settings=\"{&quot;_ob_use_harakiri&quot;:&quot;yes&quot;,&quot;_ob_harakiri_writing_mode&quot;:&quot;inherit&quot;,&quot;_ob_postman_use&quot;:&quot;no&quot;,&quot;_ob_perspektive_use&quot;:&quot;no&quot;,&quot;_ob_poopart_use&quot;:&quot;yes&quot;,&quot;_ob_shadough_use&quot;:&quot;no&quot;,&quot;_ob_allow_hoveranimator&quot;:&quot;no&quot;,&quot;_ob_widget_stalker_use&quot;:&quot;no&quot;}\" data-widget_type=\"text-editor.default\"><div class=\"elementor-widget-container\"><p>Professional risk management is the basis for successful corporate strategies. Based on a comprehensive survey and analysis, we create a customized insurance concept that fits your situation.<\/p><\/div><\/div><div class=\"elementor-element elementor-element-444a47f ob-has-background-overlay elementor-widget elementor-widget-image\" data-id=\"444a47f\" data-element_type=\"widget\" data-settings=\"{&quot;_ob_photomorph_use&quot;:&quot;no&quot;,&quot;_ob_perspektive_use&quot;:&quot;no&quot;,&quot;_ob_poopart_use&quot;:&quot;yes&quot;,&quot;_ob_shadough_use&quot;:&quot;no&quot;,&quot;_ob_allow_hoveranimator&quot;:&quot;no&quot;,&quot;_ob_widget_stalker_use&quot;:&quot;no&quot;}\" data-widget_type=\"image.default\">\u00a0<\/div>\t\t\t\t\t\t\t\t<\/div>\n\t\t\t\t<\/div>\n\t\t\t\t<div class=\"elementor-element elementor-element-a75efda elementor-align-center elementor-widget elementor-widget-button\" data-id=\"a75efda\" data-element_type=\"widget\" data-e-type=\"widget\" data-widget_type=\"button.default\">\n\t\t\t\t<div class=\"elementor-widget-container\">\n\t\t\t\t\t\t\t\t\t<div class=\"elementor-button-wrapper\">\n\t\t\t\t\t<a class=\"elementor-button elementor-button-link elementor-size-sm\" href=\"https:\/\/www.conzeptas.eu\/en\/risk-management\/\">\n\t\t\t\t\t\t<span class=\"elementor-button-content-wrapper\">\n\t\t\t\t\t\t\t\t\t<span class=\"elementor-button-text\">Learn more<\/span>\n\t\t\t\t\t<\/span>\n\t\t\t\t\t<\/a>\n\t\t\t\t<\/div>\n\t\t\t\t\t\t\t\t<\/div>\n\t\t\t\t<\/div>\n\t\t\t\t<div class=\"elementor-element elementor-element-a18a599 elementor-widget elementor-widget-image\" data-id=\"a18a599\" data-element_type=\"widget\" data-e-type=\"widget\" data-widget_type=\"image.default\">\n\t\t\t\t<div class=\"elementor-widget-container\">\n\t\t\t\t\t\t\t\t\t\t\t\t\t\t\t<img fetchpriority=\"high\" decoding=\"async\" width=\"800\" height=\"865\" src=\"https:\/\/www.conzeptas.eu\/wp-content\/uploads\/2025\/06\/Servicekreis_Conzeptas_DE.jpg\" class=\"attachment-large size-large wp-image-565\" alt=\"\" srcset=\"https:\/\/www.conzeptas.eu\/wp-content\/uploads\/2025\/06\/Servicekreis_Conzeptas_DE.jpg 864w, https:\/\/www.conzeptas.eu\/wp-content\/uploads\/2025\/06\/Servicekreis_Conzeptas_DE-278x300.jpg 278w, https:\/\/www.conzeptas.eu\/wp-content\/uploads\/2025\/06\/Servicekreis_Conzeptas_DE-768x830.jpg 768w\" sizes=\"(max-width: 800px) 100vw, 800px\" \/>\t\t\t\t\t\t\t\t\t\t\t\t\t\t\t<\/div>\n\t\t\t\t<\/div>\n\t\t\t\t\t<\/div>\n\t\t\t\t<\/div>\n\t\t<div class=\"elementor-element elementor-element-94df30d e-flex e-con-boxed e-con e-parent\" data-id=\"94df30d\" data-element_type=\"container\" data-e-type=\"container\" data-settings=\"{&quot;background_background&quot;:&quot;classic&quot;}\">\n\t\t\t\t\t<div class=\"e-con-inner\">\n\t\t<div class=\"elementor-element elementor-element-bd84979 e-con-full e-flex e-con e-child\" data-id=\"bd84979\" data-element_type=\"container\" data-e-type=\"container\">\n\t\t\t\t<div class=\"elementor-element elementor-element-e94b01d elementor-widget elementor-widget-image\" data-id=\"e94b01d\" data-element_type=\"widget\" data-e-type=\"widget\" data-widget_type=\"image.default\">\n\t\t\t\t<div class=\"elementor-widget-container\">\n\t\t\t\t\t\t\t\t\t\t\t\t\t\t\t<img decoding=\"async\" width=\"800\" height=\"510\" src=\"https:\/\/www.conzeptas.eu\/wp-content\/uploads\/2025\/06\/schadenbetreuung.jpg\" class=\"attachment-large size-large wp-image-554\" alt=\"\" srcset=\"https:\/\/www.conzeptas.eu\/wp-content\/uploads\/2025\/06\/schadenbetreuung.jpg 1024w, https:\/\/www.conzeptas.eu\/wp-content\/uploads\/2025\/06\/schadenbetreuung-300x191.jpg 300w, https:\/\/www.conzeptas.eu\/wp-content\/uploads\/2025\/06\/schadenbetreuung-768x490.jpg 768w\" sizes=\"(max-width: 800px) 100vw, 800px\" \/>\t\t\t\t\t\t\t\t\t\t\t\t\t\t\t<\/div>\n\t\t\t\t<\/div>\n\t\t\t\t<\/div>\n\t\t<div class=\"elementor-element elementor-element-48208ac e-con-full e-flex e-con e-child\" data-id=\"48208ac\" data-element_type=\"container\" data-e-type=\"container\">\n\t\t\t\t<div class=\"elementor-element elementor-element-3810788d elementor-widget__width-inherit elementor-widget elementor-widget-heading\" data-id=\"3810788d\" data-element_type=\"widget\" data-e-type=\"widget\" data-widget_type=\"heading.default\">\n\t\t\t\t<div class=\"elementor-widget-container\">\n\t\t\t\t\t<h5 class=\"elementor-heading-title elementor-size-default\">Claims settlement<\/h5>\t\t\t\t<\/div>\n\t\t\t\t<\/div>\n\t\t\t\t<div class=\"elementor-element elementor-element-12e323c8 elementor-widget__width-inherit elementor-widget elementor-widget-text-editor\" data-id=\"12e323c8\" data-element_type=\"widget\" data-e-type=\"widget\" data-widget_type=\"text-editor.default\">\n\t\t\t\t<div class=\"elementor-widget-container\">\n\t\t\t\t\t\t\t\t\t<p>With an independent claims team, we guarantee fast and qualified handling of your claims.\u00a0<\/p><p>We get you above water - as quickly as possible. In addition to assessing the damage, we also conduct negotiations with risk carriers while safeguarding your interests and, of course, support you on site.<\/p>\t\t\t\t\t\t\t\t<\/div>\n\t\t\t\t<\/div>\n\t\t\t\t<div class=\"elementor-element elementor-element-6450676 elementor-align-left elementor-widget elementor-widget-button\" data-id=\"6450676\" data-element_type=\"widget\" data-e-type=\"widget\" data-widget_type=\"button.default\">\n\t\t\t\t<div class=\"elementor-widget-container\">\n\t\t\t\t\t\t\t\t\t<div class=\"elementor-button-wrapper\">\n\t\t\t\t\t<a class=\"elementor-button elementor-button-link elementor-size-sm\" href=\"https:\/\/www.conzeptas.eu\/en\/damage-report\/\">\n\t\t\t\t\t\t<span class=\"elementor-button-content-wrapper\">\n\t\t\t\t\t\t\t\t\t<span class=\"elementor-button-text\">Learn more<\/span>\n\t\t\t\t\t<\/span>\n\t\t\t\t\t<\/a>\n\t\t\t\t<\/div>\n\t\t\t\t\t\t\t\t<\/div>\n\t\t\t\t<\/div>\n\t\t\t\t<\/div>\n\t\t\t\t\t<\/div>\n\t\t\t\t<\/div>\n\t\t<div class=\"elementor-element elementor-element-98c797f e-flex e-con-boxed e-con e-parent\" data-id=\"98c797f\" data-element_type=\"container\" data-e-type=\"container\">\n\t\t\t\t\t<div class=\"e-con-inner\">\n\t\t<div class=\"elementor-element elementor-element-ca1c817 e-con-full e-flex e-con e-child\" data-id=\"ca1c817\" data-element_type=\"container\" data-e-type=\"container\">\n\t\t\t\t<div class=\"elementor-element elementor-element-43da483 elementor-widget__width-inherit elementor-widget elementor-widget-heading\" data-id=\"43da483\" data-element_type=\"widget\" data-e-type=\"widget\" data-widget_type=\"heading.default\">\n\t\t\t\t<div class=\"elementor-widget-container\">\n\t\t\t\t\t<h5 class=\"elementor-heading-title elementor-size-default\">Cost optimization<\/h5>\t\t\t\t<\/div>\n\t\t\t\t<\/div>\n\t\t\t\t<div class=\"elementor-element elementor-element-44e5419 elementor-widget__width-inherit elementor-widget elementor-widget-text-editor\" data-id=\"44e5419\" data-element_type=\"widget\" data-e-type=\"widget\" data-widget_type=\"text-editor.default\">\n\t\t\t\t<div class=\"elementor-widget-container\">\n\t\t\t\t\t\t\t\t\t<p>The result of our work generally leads to a cost optimization of your insurance budget.\u00a0<\/p><p>We achieve the reduction of your insurance costs through in-house special concepts, sensible bundling of contracts and the sustainable and continuous improvement of the relationship between claims and costs.<\/p>\t\t\t\t\t\t\t\t<\/div>\n\t\t\t\t<\/div>\n\t\t\t\t<\/div>\n\t\t<div class=\"elementor-element elementor-element-825919d e-con-full e-flex e-con e-child\" data-id=\"825919d\" data-element_type=\"container\" data-e-type=\"container\">\n\t\t\t\t<div class=\"elementor-element elementor-element-e828e7e elementor-widget elementor-widget-image\" data-id=\"e828e7e\" data-element_type=\"widget\" data-e-type=\"widget\" data-widget_type=\"image.default\">\n\t\t\t\t<div class=\"elementor-widget-container\">\n\t\t\t\t\t\t\t\t\t\t\t\t\t\t\t<img decoding=\"async\" width=\"800\" height=\"534\" src=\"https:\/\/www.conzeptas.eu\/wp-content\/uploads\/2025\/06\/kostenoptimierung_versicherungsbudget-2048x1365-1-1024x683.jpg\" class=\"attachment-large size-large wp-image-555\" alt=\"\" srcset=\"https:\/\/www.conzeptas.eu\/wp-content\/uploads\/2025\/06\/kostenoptimierung_versicherungsbudget-2048x1365-1-1024x683.jpg 1024w, https:\/\/www.conzeptas.eu\/wp-content\/uploads\/2025\/06\/kostenoptimierung_versicherungsbudget-2048x1365-1-300x200.jpg 300w, https:\/\/www.conzeptas.eu\/wp-content\/uploads\/2025\/06\/kostenoptimierung_versicherungsbudget-2048x1365-1-768x512.jpg 768w, https:\/\/www.conzeptas.eu\/wp-content\/uploads\/2025\/06\/kostenoptimierung_versicherungsbudget-2048x1365-1-1536x1024.jpg 1536w, https:\/\/www.conzeptas.eu\/wp-content\/uploads\/2025\/06\/kostenoptimierung_versicherungsbudget-2048x1365-1.jpg 2048w\" sizes=\"(max-width: 800px) 100vw, 800px\" \/>\t\t\t\t\t\t\t\t\t\t\t\t\t\t\t<\/div>\n\t\t\t\t<\/div>\n\t\t\t\t<\/div>\n\t\t\t\t\t<\/div>\n\t\t\t\t<\/div>\n\t\t<div class=\"elementor-element elementor-element-e6dec33 e-flex e-con-boxed e-con e-parent\" data-id=\"e6dec33\" data-element_type=\"container\" data-e-type=\"container\" data-settings=\"{&quot;background_background&quot;:&quot;classic&quot;}\">\n\t\t\t\t\t<div class=\"e-con-inner\">\n\t\t<div class=\"elementor-element elementor-element-9f6121e e-con-full e-flex e-con e-child\" data-id=\"9f6121e\" data-element_type=\"container\" data-e-type=\"container\">\n\t\t\t\t<div class=\"elementor-element elementor-element-7e73140 elementor-widget elementor-widget-image\" data-id=\"7e73140\" data-element_type=\"widget\" data-e-type=\"widget\" data-widget_type=\"image.default\">\n\t\t\t\t<div class=\"elementor-widget-container\">\n\t\t\t\t\t\t\t\t\t\t\t\t\t\t\t<img loading=\"lazy\" decoding=\"async\" width=\"800\" height=\"480\" src=\"https:\/\/www.conzeptas.eu\/wp-content\/uploads\/2025\/06\/digitales-kundenportal.jpg\" class=\"attachment-large size-large wp-image-556\" alt=\"\" srcset=\"https:\/\/www.conzeptas.eu\/wp-content\/uploads\/2025\/06\/digitales-kundenportal.jpg 1000w, https:\/\/www.conzeptas.eu\/wp-content\/uploads\/2025\/06\/digitales-kundenportal-300x180.jpg 300w, https:\/\/www.conzeptas.eu\/wp-content\/uploads\/2025\/06\/digitales-kundenportal-768x461.jpg 768w\" sizes=\"(max-width: 800px) 100vw, 800px\" \/>\t\t\t\t\t\t\t\t\t\t\t\t\t\t\t<\/div>\n\t\t\t\t<\/div>\n\t\t\t\t<\/div>\n\t\t<div class=\"elementor-element elementor-element-57172b6 e-con-full e-flex e-con e-child\" data-id=\"57172b6\" data-element_type=\"container\" data-e-type=\"container\">\n\t\t\t\t<div class=\"elementor-element elementor-element-eab15b8 elementor-widget__width-inherit elementor-widget elementor-widget-heading\" data-id=\"eab15b8\" data-element_type=\"widget\" data-e-type=\"widget\" data-widget_type=\"heading.default\">\n\t\t\t\t<div class=\"elementor-widget-container\">\n\t\t\t\t\t<h5 class=\"elementor-heading-title elementor-size-default\">Digital customer portal<\/h5>\t\t\t\t<\/div>\n\t\t\t\t<\/div>\n\t\t\t\t<div class=\"elementor-element elementor-element-69709ba elementor-widget__width-inherit elementor-widget elementor-widget-text-editor\" data-id=\"69709ba\" data-element_type=\"widget\" data-e-type=\"widget\" data-widget_type=\"text-editor.default\">\n\t\t\t\t<div class=\"elementor-widget-container\">\n\t\t\t\t\t\t\t\t\t<p>We have created a multilingual, digital customer portal for our customers. This gives you access to your insurance programs at any time and allows you to report claims independently and digitally.<\/p>\t\t\t\t\t\t\t\t<\/div>\n\t\t\t\t<\/div>\n\t\t\t\t<div class=\"elementor-element elementor-element-b451e26 elementor-align-left elementor-widget elementor-widget-button\" data-id=\"b451e26\" data-element_type=\"widget\" data-e-type=\"widget\" data-widget_type=\"button.default\">\n\t\t\t\t<div class=\"elementor-widget-container\">\n\t\t\t\t\t\t\t\t\t<div class=\"elementor-button-wrapper\">\n\t\t\t\t\t<a class=\"elementor-button elementor-button-link elementor-size-sm\" href=\"https:\/\/kundenportal.conzeptas.de\/viva\/f?p=500:LOGIN_DESKTOP:6705198514383:::::#\" target=\"_blank\" rel=\"noopener\">\n\t\t\t\t\t\t<span class=\"elementor-button-content-wrapper\">\n\t\t\t\t\t\t\t\t\t<span class=\"elementor-button-text\">Login<\/span>\n\t\t\t\t\t<\/span>\n\t\t\t\t\t<\/a>\n\t\t\t\t<\/div>\n\t\t\t\t\t\t\t\t<\/div>\n\t\t\t\t<\/div>\n\t\t\t\t<\/div>\n\t\t\t\t\t<\/div>\n\t\t\t\t<\/div>\n\t\t<div class=\"elementor-element elementor-element-ad46515 e-flex e-con-boxed e-con e-parent\" data-id=\"ad46515\" data-element_type=\"container\" data-e-type=\"container\">\n\t\t\t\t\t<div class=\"e-con-inner\">\n\t\t<div class=\"elementor-element elementor-element-397d8d7 e-con-full e-flex e-con e-child\" data-id=\"397d8d7\" data-element_type=\"container\" data-e-type=\"container\">\n\t\t\t\t<div class=\"elementor-element elementor-element-7e8287d elementor-widget__width-inherit elementor-widget elementor-widget-heading\" data-id=\"7e8287d\" data-element_type=\"widget\" data-e-type=\"widget\" data-widget_type=\"heading.default\">\n\t\t\t\t<div class=\"elementor-widget-container\">\n\t\t\t\t\t<h5 class=\"elementor-heading-title elementor-size-default\">Precaution<\/h5>\t\t\t\t<\/div>\n\t\t\t\t<\/div>\n\t\t\t\t<div class=\"elementor-element elementor-element-2d0cead elementor-widget__width-inherit elementor-widget elementor-widget-text-editor\" data-id=\"2d0cead\" data-element_type=\"widget\" data-e-type=\"widget\" data-widget_type=\"text-editor.default\">\n\t\t\t\t<div class=\"elementor-widget-container\">\n\t\t\t\t\t\t\t\t\t<p>Benefits such as a company pension scheme and preventive healthcare are crucial components of successful employee retention programs. Our specialists develop needs-based solutions for your company according to your specifications and wishes and taking into account the statutory and\/or collectively agreed requirements. In addition, we focus on personal insurance.<\/p>\t\t\t\t\t\t\t\t<\/div>\n\t\t\t\t<\/div>\n\t\t\t\t<\/div>\n\t\t<div class=\"elementor-element elementor-element-4a3e42b e-con-full e-flex e-con e-child\" data-id=\"4a3e42b\" data-element_type=\"container\" data-e-type=\"container\">\n\t\t\t\t<div class=\"elementor-element elementor-element-46e3b46 elementor-widget elementor-widget-image\" data-id=\"46e3b46\" data-element_type=\"widget\" data-e-type=\"widget\" data-widget_type=\"image.default\">\n\t\t\t\t<div class=\"elementor-widget-container\">\n\t\t\t\t\t\t\t\t\t\t\t\t\t\t\t<img loading=\"lazy\" decoding=\"async\" width=\"800\" height=\"464\" src=\"https:\/\/www.conzeptas.eu\/wp-content\/uploads\/2025\/06\/Vorsorge.jpg\" class=\"attachment-large size-large wp-image-557\" alt=\"\" srcset=\"https:\/\/www.conzeptas.eu\/wp-content\/uploads\/2025\/06\/Vorsorge.jpg 1000w, https:\/\/www.conzeptas.eu\/wp-content\/uploads\/2025\/06\/Vorsorge-300x174.jpg 300w, https:\/\/www.conzeptas.eu\/wp-content\/uploads\/2025\/06\/Vorsorge-768x445.jpg 768w\" sizes=\"(max-width: 800px) 100vw, 800px\" \/>\t\t\t\t\t\t\t\t\t\t\t\t\t\t\t<\/div>\n\t\t\t\t<\/div>\n\t\t\t\t<\/div>\n\t\t\t\t\t<\/div>\n\t\t\t\t<\/div>\n\t\t<div class=\"elementor-element elementor-element-a6d92f3 e-flex e-con-boxed e-con e-parent\" data-id=\"a6d92f3\" data-element_type=\"container\" data-e-type=\"container\" data-settings=\"{&quot;background_background&quot;:&quot;classic&quot;}\">\n\t\t\t\t\t<div class=\"e-con-inner\">\n\t\t<div class=\"elementor-element elementor-element-9796b12 e-con-full e-flex e-con e-child\" data-id=\"9796b12\" data-element_type=\"container\" data-e-type=\"container\">\n\t\t\t\t<div class=\"elementor-element elementor-element-a4c9212 elementor-widget elementor-widget-image\" data-id=\"a4c9212\" data-element_type=\"widget\" data-e-type=\"widget\" data-widget_type=\"image.default\">\n\t\t\t\t<div class=\"elementor-widget-container\">\n\t\t\t\t\t\t\t\t\t\t\t\t\t\t\t<img loading=\"lazy\" decoding=\"async\" width=\"705\" height=\"397\" src=\"https:\/\/www.conzeptas.eu\/wp-content\/uploads\/2025\/06\/united-conceptas-maklernetzwerk.jpg\" class=\"attachment-large size-large wp-image-558\" alt=\"\" srcset=\"https:\/\/www.conzeptas.eu\/wp-content\/uploads\/2025\/06\/united-conceptas-maklernetzwerk.jpg 705w, https:\/\/www.conzeptas.eu\/wp-content\/uploads\/2025\/06\/united-conceptas-maklernetzwerk-300x169.jpg 300w\" sizes=\"(max-width: 705px) 100vw, 705px\" \/>\t\t\t\t\t\t\t\t\t\t\t\t\t\t\t<\/div>\n\t\t\t\t<\/div>\n\t\t\t\t<\/div>\n\t\t<div class=\"elementor-element elementor-element-d0e53dc e-con-full e-flex e-con e-child\" data-id=\"d0e53dc\" data-element_type=\"container\" data-e-type=\"container\">\n\t\t\t\t<div class=\"elementor-element elementor-element-ff7c211 elementor-widget__width-inherit elementor-widget elementor-widget-heading\" data-id=\"ff7c211\" data-element_type=\"widget\" data-e-type=\"widget\" data-widget_type=\"heading.default\">\n\t\t\t\t<div class=\"elementor-widget-container\">\n\t\t\t\t\t<h5 class=\"elementor-heading-title elementor-size-default\">International network of brokers   \n<\/h5>\t\t\t\t<\/div>\n\t\t\t\t<\/div>\n\t\t\t\t<div class=\"elementor-element elementor-element-3254f43 elementor-widget__width-inherit elementor-widget elementor-widget-text-editor\" data-id=\"3254f43\" data-element_type=\"widget\" data-e-type=\"widget\" data-widget_type=\"text-editor.default\">\n\t\t\t\t<div class=\"elementor-widget-container\">\n\t\t\t\t\t\t\t\t\t<div class=\"elementor-element elementor-element-0f8df4b ob-harakiri-inherit ob-has-background-overlay elementor-widget elementor-widget-text-editor ob-harakiri\" data-id=\"0f8df4b\" data-element_type=\"widget\" data-settings=\"{&quot;_ob_use_harakiri&quot;:&quot;yes&quot;,&quot;_ob_harakiri_writing_mode&quot;:&quot;inherit&quot;,&quot;_ob_postman_use&quot;:&quot;no&quot;,&quot;_ob_perspektive_use&quot;:&quot;no&quot;,&quot;_ob_poopart_use&quot;:&quot;yes&quot;,&quot;_ob_shadough_use&quot;:&quot;no&quot;,&quot;_ob_allow_hoveranimator&quot;:&quot;no&quot;,&quot;_ob_widget_stalker_use&quot;:&quot;no&quot;}\" data-widget_type=\"text-editor.default\"><div class=\"elementor-widget-container\"><p>With our global network of established insurance brokers, we ensure insurance cover in every country in the world. The implementation of country-specific features is managed centrally while ensuring compliance requirements are met.<\/p><\/div><\/div>\t\t\t\t\t\t\t\t<\/div>\n\t\t\t\t<\/div>\n\t\t\t\t<div class=\"elementor-element elementor-element-8a7b788 elementor-align-left elementor-widget elementor-widget-button\" data-id=\"8a7b788\" data-element_type=\"widget\" data-e-type=\"widget\" data-widget_type=\"button.default\">\n\t\t\t\t<div class=\"elementor-widget-container\">\n\t\t\t\t\t\t\t\t\t<div class=\"elementor-button-wrapper\">\n\t\t\t\t\t<a class=\"elementor-button elementor-button-link elementor-size-sm\" href=\"https:\/\/www.conzeptas.eu\/en\/international\/\">\n\t\t\t\t\t\t<span class=\"elementor-button-content-wrapper\">\n\t\t\t\t\t\t\t\t\t<span class=\"elementor-button-text\">Learn more<\/span>\n\t\t\t\t\t<\/span>\n\t\t\t\t\t<\/a>\n\t\t\t\t<\/div>\n\t\t\t\t\t\t\t\t<\/div>\n\t\t\t\t<\/div>\n\t\t\t\t<\/div>\n\t\t\t\t\t<\/div>\n\t\t\t\t<\/div>\n\t\t\t\t<\/div>","protected":false},"excerpt":{"rendered":"<p>Unser Service f\u00fcr beste Ergebnisse Wir unterst\u00fctzen Sie mit auf Ihre Risikosituation abgestimmten Konzepten. Als Ihr kompetenter und unabh\u00e4ngiger Interessenvertreter gestalten wir Ihre Versicherungsvertr\u00e4ge objektiv und sch\u00f6pfen Optimierungspotenziale voll aus. Auf Ihren Wunsch hin entwickeln wir gemeinsam einen Risiken-, Beurteilungs- und Ma\u00dfnahmenplan, der Ihnen die risikotechnische Unternehmensplanung und -steuerung erleichtert. Eine vollumf\u00e4ngliche Beratung und kompetenter [&hellip;]<\/p>\n","protected":false},"author":3,"featured_media":0,"parent":0,"menu_order":0,"comment_status":"closed","ping_status":"closed","template":"","meta":{"footnotes":""},"class_list":["post-309","page","type-page","status-publish","hentry"],"_links":{"self":[{"href":"https:\/\/www.conzeptas.eu\/en\/wp-json\/wp\/v2\/pages\/309","targetHints":{"allow":["GET"]}}],"collection":[{"href":"https:\/\/www.conzeptas.eu\/en\/wp-json\/wp\/v2\/pages"}],"about":[{"href":"https:\/\/www.conzeptas.eu\/en\/wp-json\/wp\/v2\/types\/page"}],"author":[{"embeddable":true,"href":"https:\/\/www.conzeptas.eu\/en\/wp-json\/wp\/v2\/users\/3"}],"replies":[{"embeddable":true,"href":"https:\/\/www.conzeptas.eu\/en\/wp-json\/wp\/v2\/comments?post=309"}],"version-history":[{"count":25,"href":"https:\/\/www.conzeptas.eu\/en\/wp-json\/wp\/v2\/pages\/309\/revisions"}],"predecessor-version":[{"id":2241,"href":"https:\/\/www.conzeptas.eu\/en\/wp-json\/wp\/v2\/pages\/309\/revisions\/2241"}],"wp:attachment":[{"href":"https:\/\/www.conzeptas.eu\/en\/wp-json\/wp\/v2\/media?parent=309"}],"curies":[{"name":"wp","href":"https:\/\/api.w.org\/{rel}","templated":true}]}}